{"id":359,"date":"2024-06-20T16:47:06","date_gmt":"2024-06-20T14:47:06","guid":{"rendered":"https:\/\/neu.homm-longshort.com\/?page_id=359"},"modified":"2024-06-20T16:48:01","modified_gmt":"2024-06-20T14:48:01","slug":"impressum","status":"publish","type":"page","link":"https:\/\/homm-longshort.com\/index.php\/impressum\/","title":{"rendered":"Impressum"},"content":{"rendered":"\t\t<div data-elementor-type=\"wp-page\" data-elementor-id=\"359\" class=\"elementor elementor-359\" data-elementor-post-type=\"page\">\n\t\t\t\t<div class=\"elementor-element elementor-element-b8390f6 e-flex e-con-boxed e-con e-parent\" data-id=\"b8390f6\" data-element_type=\"container\">\n\t\t\t\t\t<div class=\"e-con-inner\">\n\t\t\t\t\t<\/div>\n\t\t\t\t<\/div>\n\t\t<div class=\"elementor-element elementor-element-167dfbea e-flex e-con-boxed e-con e-parent\" data-id=\"167dfbea\" data-element_type=\"container\" data-settings=\"{&quot;background_background&quot;:&quot;classic&quot;}\">\n\t\t\t\t\t<div class=\"e-con-inner\">\n\t\t<div class=\"elementor-element elementor-element-7fc91e2d e-flex e-con-boxed e-con e-child\" data-id=\"7fc91e2d\" data-element_type=\"container\" data-settings=\"{&quot;background_background&quot;:&quot;classic&quot;}\">\n\t\t\t\t\t<div class=\"e-con-inner\">\n\t\t\t\t<div class=\"elementor-element elementor-element-3a5fe339 elementor-invisible elementor-widget elementor-widget-heading\" data-id=\"3a5fe339\" data-element_type=\"widget\" data-settings=\"{&quot;_animation&quot;:&quot;fadeInDown&quot;,&quot;_animation_delay&quot;:200}\" data-widget_type=\"heading.default\">\n\t\t\t\t<div class=\"elementor-widget-container\">\n\t\t\t\t\t<h1 class=\"elementor-heading-title elementor-size-default\">Impressum<\/h1>\t\t\t\t<\/div>\n\t\t\t\t<\/div>\n\t\t\t\t\t<\/div>\n\t\t\t\t<\/div>\n\t\t\t\t\t<\/div>\n\t\t\t\t<\/div>\n\t\t<div class=\"elementor-element elementor-element-9adbc7c e-flex e-con-boxed e-con e-parent\" data-id=\"9adbc7c\" data-element_type=\"container\">\n\t\t\t\t\t<div class=\"e-con-inner\">\n\t\t\t\t<div class=\"elementor-element elementor-element-6c242e2 elementor-widget elementor-widget-text-editor\" data-id=\"6c242e2\" data-element_type=\"widget\" data-widget_type=\"text-editor.default\">\n\t\t\t\t<div class=\"elementor-widget-container\">\n\t\t\t\t\t\t\t\t\t<p><span class=\"hlimpressum-gross-2\">Impressum<\/span><br \/><br \/>Angaben gem\u00e4\u00df \u00a7 5 TMG:<br \/><br \/><strong>\u200d<\/strong>K2 Success Media AG<br \/>Seestra\u00dfe 14b<br \/>5432 Neuenhof CH<br \/>Stefan M\u00f6rsdorf<br \/>Gesch\u00e4ftliche Anfragen (kein Kunden-Support):\u00a0<a class=\"link-19\" href=\"mailto:official-contact@k2success.ch\">official-contact@k2success.ch<\/a>\u200d<br \/>Mehrwertsteuer-Identifikationsnummer: CHE-283.402.093<strong><br \/><\/strong>\u200d<br \/><span class=\"text-span-38\">Sie haben eine Frage, oder ben\u00f6tigen Hilfe zum B\u00f6rsenbrief? Bitte kontaktieren Sie uns unter\u00a0<\/span><a class=\"link-20\" href=\"https:\/\/faq.homm-longshort.com\/?adb_sid=6ae5e662-1d32-4b81-b5f4-1b8d2cb6bbe7\">diesem Link<\/a>.<br \/>\u200d<br \/>\u200d<br \/><span class=\"hlimpressum\">Haftung f\u00fcr Inhalte<\/span><br \/><br \/>Als Diensteanbieter sind wir gem\u00e4\u00df \u00a7 7 Abs.1 TMG f\u00fcr eigene Inhalte auf diesen Seiten nach den allgemeinen Gesetzen verantwortlich. Nach \u00a7\u00a7 8 bis 10 TMG sind wir als Diensteanbieter jedoch nicht verpflichtet, \u00fcbermittelte oder gespeicherte fremde Informationen zu \u00fcberwachen oder nach Umst\u00e4nden zu forschen, die auf eine rechtswidrige T\u00e4tigkeit hinweisen.Verpflichtungen zur Entfernung oder Sperrung der Nutzung von Informationen nach den allgemeinen Gesetzen bleiben hiervon unber\u00fchrt. Eine diesbez\u00fcgliche Haftung ist jedoch erst ab dem Zeitpunkt der Kenntnis einer konkreten Rechtsverletzung m\u00f6glich. Bei Bekanntwerden von entsprechenden Rechtsverletzungen werden wir diese Inhalte umgehend entfernen.<br \/><br \/><span class=\"hlimpressum\">Haftung f\u00fcr Links<\/span><br \/><br \/>Unser Angebot enth\u00e4lt Links zu externen Websites Dritter, auf deren Inhalte wir keinen Einfluss haben. Deshalb k\u00f6nnen wir f\u00fcr diese fremden Inhalte auch keine Gew\u00e4hr \u00fcbernehmen. F\u00fcr die Inhalte der verlinkten Seiten ist stets der jeweilige Anbieter oder Betreiber der Seiten verantwortlich. Die verlinkten Seiten wurden zum Zeitpunkt der Verlinkung auf m\u00f6gliche Rechtsverst\u00f6\u00dfe \u00fcberpr\u00fcft. Rechtswidrige Inhalte waren zum Zeitpunkt der Verlinkung nicht erkennbar.Eine permanente inhaltliche Kontrolle der verlinkten Seiten ist jedoch ohne konkrete Anhaltspunkte einer Rechtsverletzung nicht zumutbar. Bei Bekanntwerden von Rechtsverletzungen werden wir derartige Links umgehend entfernen.<br \/><br \/><span class=\"hlimpressum\">Urheberrecht<\/span><br \/><br \/>Die durch die Seitenbetreiber erstellten Inhalte und Werke auf diesen Seiten unterliegen dem deutschen Urheberrecht. Die Vervielf\u00e4ltigung, Bearbeitung, Verbreitung und jede Art der Verwertung au\u00dferhalb der Grenzen des Urheberrechtes bed\u00fcrfen der schriftlichen Zustimmung des jeweiligen Autors bzw. Erstellers. Downloads und Kopien dieser Seite sind nur f\u00fcr den privaten, nicht kommerziellen Gebrauch gestattet.Soweit die Inhalte auf dieser Seite nicht vom Betreiber erstellt wurden, werden die Urheberrechte Dritter beachtet. Insbesondere werden Inhalte Dritter als solche gekennzeichnet. Sollten Sie trotzdem auf eine Urheberrechtsverletzung aufmerksam werden, bitten wir um einen entsprechenden Hinweis. Bei Bekanntwerden von Rechtsverletzungen werden wir derartige Inhalte umgehend entfernen.<\/p>\t\t\t\t\t\t\t\t<\/div>\n\t\t\t\t<\/div>\n\t\t\t\t\t<\/div>\n\t\t\t\t<\/div>\n\t\t\t\t<\/div>\n\t\t","protected":false},"excerpt":{"rendered":"<p>Impressum Angaben gem\u00e4\u00df \u00a7 5 TMG: \u200dK2 Success Media AGSeestra\u00dfe 14b5432 Neuenhof CHStefan M\u00f6rsdorfGesch\u00e4ftliche Anfragen (kein Kunden-Support):\u00a0official-contact@k2success.ch\u200dMehrwertsteuer-Identifikationsnummer: CHE-283.402.093\u200dSie haben eine Frage, oder ben\u00f6tigen Hilfe zum B\u00f6rsenbrief? Bitte kontaktieren Sie uns unter\u00a0diesem Link.\u200d\u200dHaftung f\u00fcr Inhalte Als Diensteanbieter sind wir gem\u00e4\u00df \u00a7 7 Abs.1 TMG f\u00fcr eigene Inhalte auf diesen Seiten nach den allgemeinen Gesetzen verantwortlich. Nach [&hellip;]<\/p>\n","protected":false},"author":1,"featured_media":0,"parent":0,"menu_order":0,"comment_status":"closed","ping_status":"closed","template":"elementor_header_footer","meta":{"footnotes":""},"class_list":["post-359","page","type-page","status-publish","hentry"],"_links":{"self":[{"href":"https:\/\/homm-longshort.com\/index.php\/wp-json\/wp\/v2\/pages\/359","targetHints":{"allow":["GET"]}}],"collection":[{"href":"https:\/\/homm-longshort.com\/index.php\/wp-json\/wp\/v2\/pages"}],"about":[{"href":"https:\/\/homm-longshort.com\/index.php\/wp-json\/wp\/v2\/types\/page"}],"author":[{"embeddable":true,"href":"https:\/\/homm-longshort.com\/index.php\/wp-json\/wp\/v2\/users\/1"}],"replies":[{"embeddable":true,"href":"https:\/\/homm-longshort.com\/index.php\/wp-json\/wp\/v2\/comments?post=359"}],"version-history":[{"count":4,"href":"https:\/\/homm-longshort.com\/index.php\/wp-json\/wp\/v2\/pages\/359\/revisions"}],"predecessor-version":[{"id":364,"href":"https:\/\/homm-longshort.com\/index.php\/wp-json\/wp\/v2\/pages\/359\/revisions\/364"}],"wp:attachment":[{"href":"https:\/\/homm-longshort.com\/index.php\/wp-json\/wp\/v2\/media?parent=359"}],"curies":[{"name":"wp","href":"https:\/\/api.w.org\/{rel}","templated":true}]}}