{"id":350,"date":"2024-06-20T16:39:16","date_gmt":"2024-06-20T14:39:16","guid":{"rendered":"https:\/\/neu.homm-longshort.com\/?page_id=350"},"modified":"2024-06-20T16:45:15","modified_gmt":"2024-06-20T14:45:15","slug":"agb","status":"publish","type":"page","link":"https:\/\/homm-longshort.com\/index.php\/agb\/","title":{"rendered":"AGB"},"content":{"rendered":"\t\t<div data-elementor-type=\"wp-page\" data-elementor-id=\"350\" class=\"elementor elementor-350\" data-elementor-post-type=\"page\">\n\t\t\t\t<div class=\"elementor-element elementor-element-1022b8c4 e-flex e-con-boxed e-con e-parent\" data-id=\"1022b8c4\" data-element_type=\"container\" data-settings=\"{&quot;background_background&quot;:&quot;classic&quot;}\">\n\t\t\t\t\t<div class=\"e-con-inner\">\n\t\t<div class=\"elementor-element elementor-element-3f3d5249 e-flex e-con-boxed e-con e-child\" data-id=\"3f3d5249\" data-element_type=\"container\" data-settings=\"{&quot;background_background&quot;:&quot;classic&quot;}\">\n\t\t\t\t\t<div class=\"e-con-inner\">\n\t\t\t\t<div class=\"elementor-element elementor-element-7be3bbf3 elementor-invisible elementor-widget elementor-widget-heading\" data-id=\"7be3bbf3\" data-element_type=\"widget\" data-settings=\"{&quot;_animation&quot;:&quot;fadeInDown&quot;,&quot;_animation_delay&quot;:200}\" data-widget_type=\"heading.default\">\n\t\t\t\t<div class=\"elementor-widget-container\">\n\t\t\t\t\t<h1 class=\"elementor-heading-title elementor-size-default\">AGB<\/h1>\t\t\t\t<\/div>\n\t\t\t\t<\/div>\n\t\t\t\t<div class=\"elementor-element elementor-element-199cfab0 elementor-invisible elementor-widget elementor-widget-heading\" data-id=\"199cfab0\" data-element_type=\"widget\" data-settings=\"{&quot;_animation&quot;:&quot;fadeInUp&quot;,&quot;_animation_delay&quot;:300}\" data-widget_type=\"heading.default\">\n\t\t\t\t<div class=\"elementor-widget-container\">\n\t\t\t\t\t<h4 class=\"elementor-heading-title elementor-size-default\">Unsere allgemeinen Gesch\u00e4ftsbedingungen<\/h4>\t\t\t\t<\/div>\n\t\t\t\t<\/div>\n\t\t\t\t\t<\/div>\n\t\t\t\t<\/div>\n\t\t\t\t\t<\/div>\n\t\t\t\t<\/div>\n\t\t<div class=\"elementor-element elementor-element-6405578 e-flex e-con-boxed e-con e-parent\" data-id=\"6405578\" data-element_type=\"container\">\n\t\t\t\t\t<div class=\"e-con-inner\">\n\t\t\t\t<div class=\"elementor-element elementor-element-f759e87 elementor-widget elementor-widget-text-editor\" data-id=\"f759e87\" data-element_type=\"widget\" data-widget_type=\"text-editor.default\">\n\t\t\t\t<div class=\"elementor-widget-container\">\n\t\t\t\t\t\t\t\t\t<p><strong>ALLGEMEINE GESCH\u00c4FTSBEDINGUNGEN DER K2 Success Media AG \u2013\u00a0 (K2 Success Media AG)<br \/>\u200d<\/strong><br \/>Stand 05.06.2020<br \/>\u200d<br \/>ALLGEMEINE GESCH\u00c4FTSBEDINGUNGEN<br \/><br \/><strong>1. GELTUNGSBEREICH<\/strong><br \/><br \/>1.1. Diese Allgemeinen Gesch\u00e4ftsbedingungen (nachfolgend \u201eAGB\u201c) gelten zwischender K2 Success Media AG \u2013 \u00a0mit Sitz in Neuenhof, Schweiz (nachfolgend \u201eK2\u201c), und den Kunden von K2 \u2013 u.a. Abonnenten des B\u00f6rsenbriefes. Die AGB regeln die Rechte und \u00a0 Pflichten \u00a0 von \u00a0 K2 \u00a0 und \u00a0 ihren \u00a0 Kunden \u00a0 im \u00a0 Zusammenhang \u00a0 mit \u00a0 allen \u00a0 durch \u00a0 K2 erbrachten Dienstleistungen<br \/><br \/>1.2. Den vorliegenden AGB entgegenstehende Bedingungen des Kunden bed\u00fcrfen zu ihrer Geltung der ausdr\u00fccklichen schriftlichen Best\u00e4tigung durch K2.<br \/><br \/>1.3. K2 kann die vorliegenden AGB jederzeit \u00e4ndern oder erg\u00e4nzen. Die neueste Fassung wird jeweils im Internet unter www.florianhommlongshort.ch ver\u00f6ffentlicht.1.4. Bei Unwirksamkeit oder Unvollst\u00e4ndigkeit einer Klausel des Vertrages oder dieser AGB \u00a0 bleiben \u00a0 alle \u00a0 anderen \u00a0 Bestimmungen \u00a0 bzw. \u00a0 der \u00a0Vertrag \u00a0 im \u00a0\u00dcbrigen \u00a0 wirksam.Anstelle \u00a0 der \u00a0 unwirksamen \u00a0 oder \u00a0 unvollst\u00e4ndigen \u00a0 Klausel \u00a0 gelten \u00a0 die \u00a0 gesetzlichen Regelungen bzw. das von den Vertragsparteien \u00fcbereinstimmend Gewollte.<br \/><br \/><strong>2. VERTRAGSINHALT<\/strong><br \/><br \/>2.1. Unter dem \u00a0Titel B\u00f6rsenbrief \u00a0erscheinen in der Regel jeden Monat Analysenunterschiedlicher Finanzanlagen. Bei wichtigen Ereignissen, welche Einfluss auf dieFinanzm\u00e4rkte und insbesondere auf die im B\u00f6rsenbrief vorgestellten Finanzanlagenhaben, k\u00f6nnen zus\u00e4tzlich weitere Meldungen (sog. updates) erfolgen.<br \/><br \/>2.2. Zus\u00e4tzlich kann K2 ihren Kunden auf freiwilliger Basis Conference Calls, Webinars und Beratungen anbieten. Mit der Teilnahme an einem Conference Call bzw. Webinar \/Veranstaltung von K2 akzeptieren die Kunden die vollumf\u00e4ngliche Anwendbarkeit der vorliegenden AGB (insbesondere auch nachfolgende Ziff. 2.3 ff.) auch in Bezug auf die anl\u00e4sslich dieser Veranstaltungen von K2 bereitgestellten Informationen und Inhalte.<br \/><br \/>2.3. Der B\u00f6rsenbrief von K2 ist ein unabh\u00e4ngiger Informationsdienst. K2 stellt ihren Kunden \u00a0 die \u00a0 auf \u00a0 dem \u00a0 Internet \u00a0 und \u00a0 die \u00a0 per \u00a0 E-Mail \u00a0 versendeten \u00a0 Informationen \u00a0 zur Verf\u00fcgung. \u00a0 \u00a0 Der \u00a0 \u00a0 B\u00f6rsenbrief \u00a0 \u00a0 wird \u00a0 \u00a0 im \u00a0 \u00a0 Mitgliederbereich \u00a0 \u00a0 auf www.florianhommlongshort.ch \u00a0 ver\u00f6ffentlicht. \u00a0 Eine \u00a0 Benachrichtigung \u00a0 \u00fcber \u00a0 eine Neuerscheinung erh\u00e4lt der Kunde per E-Mail. Ein Anspruch auf bestimmte Inhalte odereinen \u00a0 bestimmten \u00a0 Umfang \u00a0 der \u00a0 \u00fcbermittelten \u00a0 Informationen \u00a0 oder \u00a0 virtuellen \u00a0 Inhalte besteht nicht.<br \/><br \/>2.4. Alle von K2 bereitgestellten Informationen beruhen auf Quellen, die K2 und ihre Autoren \u00a0 f\u00fcr \u00a0 vertrauensw\u00fcrdig \u00a0 und \u00a0 seri\u00f6s \u00a0 halten. \u00a0 S\u00e4mtliche \u00a0 Investment-Ideen \u00a0 (im B\u00f6rsenbrief, in Updates oder in anderer Form) geben lediglich die pers\u00f6nliche Meinung von K2 wieder und stellen keine Empfehlungen dar. Alle dem Kunden \u00fcbermittelten Informationen wie z.B. Berichte, Analysen, Prognosen und Bewertungen sind keine Aufforderungen zum Kauf oder Verkauf von Wertpapieren. Sie stellen auch keine Zusicherung \u00a0 hinsichtlich \u00a0 der \u00a0 weiteren \u00a0 Kursentwicklung \u00a0 von \u00a0 Wertpapieren \u00a0 oder sonstigen Anlageinstrumenten dar. K2 legt ihren Investment-Ideen Quellen zugrunde,die sie zum Zeitpunkt der Ausarbeitung des B\u00f6rsenbriefes f\u00fcr verl\u00e4sslich h\u00e4lt. K2 haftet jedoch nicht f\u00fcr die Aktualit\u00e4t, Richtigkeit, Angemessenheit und Vollst\u00e4ndigkeit der vonihr \u00a0 zur \u00a0 Verf\u00fcgung \u00a0 gestellten \u00a0 Informationen. \u00a0 Insbesondere \u00a0 ist \u00a0 der \u00a0 B\u00f6rsenbrief \u00a0 ein allgemeines \u00a0 Informationsprodukt \u00a0 und \u00a0 nicht \u00a0 auf \u00a0 die \u00a0 individuellen \u00a0 Bed\u00fcrfnisse \u00a0 des einzelnen \u00a0 Kunden \u00a0 zugeschnitten. \u00a0 Dies \u00a0 gilt \u00a0 auch \u00a0 f\u00fcr \u00a0 allf\u00e4llige \u00a0 erg\u00e4nzende Korrespondenz zwischen K2 und den Kunden im Zusammenhang mit dem Bezug des B\u00f6rsenbriefes oder anderweitig durch K2 zur Verf\u00fcgung gestellte Informationen. Dievon \u00a0 K2 \u00a0 bereitgestellten \u00a0 Informationen \u00a0 ersetzen \u00a0 insbesondere \u00a0 nicht \u00a0 die \u00a0 eigene Recherche sowie die eigenverantwortliche Entscheidung durch den Kunden. Jede Entscheidung, ein Gesch\u00e4ft zu t\u00e4tigen oder nicht zu t\u00e4tigen, wird allein vom Kunden indessen \u00a0 Eigenverantwortung \u00a0 getroffen. \u00a0 K2 \u00a0 empfiehlt \u00a0 ihren \u00a0 Kunden, \u00a0 gegebenenfalls ihren eigenen Steuer- oder Rechts- oder Anlageberater zu konsultieren.<br \/><br \/>2.5. Die von K2 zur Verf\u00fcgung gestellten Informationen dienen ausschlie\u00dflich der pers\u00f6nlichen Information des Kunden. Der Inhalt des B\u00f6rsenbriefes oder sonstiger vonK2 \u00a0 zur \u00a0Verf\u00fcgung \u00a0 gestellter \u00a0 Informationen \u00a0 ist \u00a0 nicht \u00a0 zur \u00a0Ver\u00f6ffentlichung \u00a0 oder \u00a0 zur Weitergabe an Dritte bestimmt (siehe hierzu nachstehend Ziff. 6.2).<br \/><br \/><strong>3. VERTRAGSABSCHLUSS, VERTRAGSDAUER UND K\u00dcNDIGUNG<\/strong><br \/><br \/>3.1. Der B\u00f6rsenbrief kann f\u00fcr die Dauer von einem Monat, einem Quartal oder als Jahresabonnement erworben werden. Der Vertrag mit K2 kommt zustande, sobald der im Zeitpunkt des Bestellvorganges jeweils g\u00fcltige Preis vom Kunden bezahlt worden ist und die entsprechende Zahlung bei K2 und\/oder beim beauftragten Zahlungsanbieter eingegangen ist.<br \/><br \/>3.2. K2 kann den Vertrag mit einem Kunden ohne Begr\u00fcndung ablehnen. Ein Anspruch auf Vertragsabschluss besteht nicht.<br \/><br \/>3.3. Das Vertragsverh\u00e4ltnis zwischen K2 und dem Kunden verl\u00e4ngert sich jeweils um ein Jahr (Jahresabonnement), ein\u00a0Quartal (Quartalsabonnement) oder einen Monat (Monatsabonnement), sofern der Kunde das Vertragsverh\u00e4ltnis nicht bis sp\u00e4testens einen \u00a0 Monat \u00a0 (Jahres- o.\u00a0Quartalsabonnement) \u00a0 resp. \u00a0 eine \u00a0 Woche \u00a0 (Monatsabonnement) vor Vertragsende k\u00fcndigt. Die K\u00fcndigung per E-Mail ist zul\u00e4ssig, wobei \u00a0 dem \u00a0 K\u00fcndigenden \u00a0 der \u00a0 Nachweis \u00a0 des \u00a0 Zugangs \u00a0 der \u00a0 E-Mail \u00a0 beim K\u00fcndigungsempf\u00e4nger obliegt.<br \/><br \/>3.4. \u00a0 Die \u00a0 Vertragspartner \u00a0 haben \u00a0 daneben \u00a0 das \u00a0 Recht, \u00a0 das \u00a0 Vertragsverh\u00e4ltnis \u00a0 aus wichtigem Grund ausserordentlich zu k\u00fcndigen. F\u00fcr die K2 ist ein wichtiger Grund insbesondere dann gegeben, wenn: a. Der Kunde mit der Zahlung des Entgelts in Verzug ist,b. der Kunde gegen eine seiner Pflichten verst\u00f6sst, und\/oder c. die Fortsetzung des Vertragsverh\u00e4ltnisses f\u00fcr die K2 aus einem anderen Grund, den der Kunde verschuldet hat, unzumutbar wird.Im \u00a0 Falle \u00a0 einer \u00a0 ausserordentlichen \u00a0 K\u00fcndigung \u00a0 durch \u00a0 K2 \u00a0 wird \u00a0 dem \u00a0 Kunden \u00a0 die Abonnementsgeb\u00fchr nicht \u2013 auch nicht anteilsm\u00e4ssig \u2013 zur\u00fcckerstattet. K2 beh\u00e4lt sich ferner vor, einen allf\u00e4lligen Schaden gegen\u00fcber dem Kunden geltend zu machen.<br \/><br \/>3.5. Bei Beendigung des Vertragsverh\u00e4ltnisses verliert der Kunde alle Nutzungsrechte.Jede weitere Nutzung der von K2 zur Verf\u00fcgung gestellten Informationen oder Kopien derselben ist untersagt und somit unverz\u00fcglich einzustellen.<br \/><br \/>3.6. Allf\u00e4llige von K2 durchgef\u00fchrte Conference Calls, Veranstaltungen oder Webinars bed\u00fcrfen jeweils einer separaten Anmeldung des Kunden.<br \/><strong><br \/><br \/><\/strong><strong>4. PREISE, VERSANDKOSTEN UND ZAHLUNGSKONDITIONEN<\/strong><br \/><br \/>4.1. Es gelten jeweils die Preise, welche im Zeitpunkt des Bestellvorganges auf der Website von K2 publiziert sind. Die publizierten Preise beinhalten, soweit eine solche \u00fcberhaupt geschuldet ist, die gesetzliche Mehrwert- oder Umsatzsteuer.<br \/><br \/>4.2. K2 beh\u00e4lt sich Preis\u00e4nderungen vor. Bereits bestehende Abonnements sind f\u00fcrihre \u00a0 verbleibende \u00a0 Vertragslaufzeit \u00a0 jedoch \u00a0 nicht \u00a0 von \u00a0 diesen \u00a0 \u00c4nderungen \u00a0 betroffen.Preis\u00e4nderungen werden diesfalls erst bei der Erneuerung des Abonnements wirksam.<br \/><br \/>4.3. Wird der B\u00f6rsenbrief auf Wunsch des Kunden per Post versandt, k\u00f6nnen dem Kunden zus\u00e4tzlich zum Abonnementpreis die Versandkosten in Rechnung gestellt werden. Eine Zusendung per Post geschieht auf Anfrage und kann von K2 ohne Angabe von Gr\u00fcnden abgelehnt werden.<br \/><br \/>4.4. K2 liefert ausschliesslich gegen Vorauszahlung (z.B. per Kreditkarte, vorg\u00e4ngige Bank\u00fcberweisung) \u00a0 des \u00a0 jeweils \u00a0 im \u00a0 Bestellvorgang \u00a0 g\u00fcltigen \u00a0 Abonnementpreises \u00a0 \/Ticketpreis \/ Warenpreis.<br \/><br \/>4.5. Rabatte \u2013 sogenannte Gutscheincodes \u2013 sind f\u00fcr den 1. Abrechnungs-Zyklus g\u00fcltig. \u00a0 Beispiel: \u00a0 Es \u00a0 wird \u00a0 ein \u00a0 Monatsabo \u00a0 abgeschlossen, \u00a0 im \u00a0 ersten \u00a0 Monat \u00a0 (1.Abrechnungs-Zyklus) wird der Rabatt ber\u00fccksichtigt. Ab dem darauffolgenden Monat oder vorzeitiger Verl\u00e4ngerung (2. Abrechnungs-Zyklus) wird der volle Preis f\u00e4llig. Beim Quartalsabonnement beginnt der 2. Abrechnungs-Zyklus nach 3 Monaten, beim Jahresabonnement beginnt der 2. Abrechnungs-Zyklus nach einem Jahr oder bei vorzeitiger Verl\u00e4ngerung.<br \/><br \/><strong>5. LEISTUNGSST\u00d6RUNGEN UND HAFTUNG<\/strong><br \/><br \/>5.1. Kann das Angebot von K2 den Kunden aus Gr\u00fcnden h\u00f6herer Gewalt oder aus sonstigen, nicht von K2 zu vertretenden Umst\u00e4nden oder wegen technischer St\u00f6rung der internetbasierten E-Mail-Kommunikation nicht oder nur eingeschr\u00e4nkt bereitgestellt werden, \u00a0 haftet \u00a0 K2 \u00a0 f\u00fcr \u00a0 den \u00a0 Ausfall \u00a0 der \u00a0 Informationen \u00a0 sowie \u00a0 allf\u00e4llig \u00a0 daraus resultierenden Sch\u00e4den \u00a0nicht. \u00a0Technische \u00a0oder serverspezifische \u00a0Probleme liegen nicht im Einflussbereich von K2. K2 wird jedoch im Interesse ihrer Kunden versuchen,die Betreiberfirma des jeweiligen Webservers zu einer schnellen L\u00f6sung anzuhalten.<br \/><br \/>5.2. Alle von K2 zur Verf\u00fcgung gestellten Informationen und\/oder virtuellen Inhalte sindohne Gew\u00e4hr. Insbesondere kann f\u00fcr die Richtigkeit, Vollst\u00e4ndigkeit und Aktualit\u00e4t derInformationen und\/oder virtuellen Inhalte keine Haftung \u00fcbernommen werden.<br \/><br \/>5.3. \u00a0 Die \u00a0 Haftung \u00a0 von \u00a0 K2 \u00a0 gegen\u00fcber \u00a0 den \u00a0 Kunden \u00a0 ist \u00a0 auf \u00a0 grob fahrl\u00e4ssiges \u00a0 und vors\u00e4tzliches Verhalten beschr\u00e4nkt. K2 haftet nicht f\u00fcr allf\u00e4llige Sch\u00e4den des Kunden,die diesem aus eigenverantwortlich getroffenen (Anlage-)Entscheidungen erwachsen sind. Die Leistung von K2 besteht nicht in einer Beratung des Kunden, sondern beschr\u00e4nkt sich ausschliesslich auf die Bereitstellung von Informationen gem\u00e4ss dem in Ziffer 2 dieser AGB beschriebenen Umfang.<br \/><br \/>5.4. Links, Hyperlinks oder Web-Adressen, die von der Website von K2 zu einer oder mehreren anderen, von K2 unabh\u00e4ngigen Websites f\u00fchren, dienen ausschliesslich zur Information \u00a0 des \u00a0 Kunden. \u00a0 K2 \u00a0 gibt \u00a0 insbesondere \u00a0 keine \u00a0 Zusicherungen \u00a0 im Zusammenhang mit von ihr unabh\u00e4ngigen Websites ab und lehnt jegliche Haftung im Zusammenhang \u00a0mit \u00a0diesen \u00a0Websites \u00a0ab. \u00a0 Verlinkungen \u00a0oder \u00a0Hinweise \u00a0 auf \u00a0solche Websites bedeuten \u00a0nicht, \u00a0dass K2 \u00a0den \u00a0Inhalt \u00a0 oder \u00a0die \u00a0Nutzung \u00a0dieser Websites gut heisst oder empfiehlt.<br \/><br \/><strong>6. NUTZUNGSRECHT DES KUNDEN \/ URHEBERRECHT<\/strong><br \/><br \/>6.1. \u00a0 Der \u00a0 Kunde \u00a0 erh\u00e4lt \u00a0 ein \u00a0 privates \u00a0Nutzungsrecht \u00a0 f\u00fcr \u00a0die \u00a0 von \u00a0K2 \u00a0 zur \u00a0Verf\u00fcgung gestellten \u00a0 Informationen. \u00a0 Dieses \u00a0 Nutzungsrecht \u00a0 ist \u00a0 entgeltlich \u00a0 und \u00a0 auf \u00a0 die Abonnementsdauer beschr\u00e4nkt. Die von K2 zur Verf\u00fcgung gestellten Informationen d\u00fcrfen vom Kunden ausschliesslich zu privaten Zwecken verwendet werden.<br \/><br \/>6.2. S\u00e4mtliche Inhalte des B\u00f6rsenbriefes sowie der auf der Website oder anl\u00e4sslich einer Veranstaltung (insbesondere Conference Calls und Webinars) zur Verf\u00fcgung gestellten Informationen sind alleiniges geistiges Eigentum von K2 bzw. der f\u00fcr K2arbeitenden \u00a0 Autoren \u00a0 und \u00a0 sind \u00a0 daher \u00a0 urheberrechtlich \u00a0 gesch\u00fctzt. \u00a0 Die \u00a0 von \u00a0 K2 \u00a0 zur Verf\u00fcgung gestellten Informationen d\u00fcrfen weder ganz noch teilweise eigenm\u00e4chtig vervielf\u00e4ltigt, weitergegeben, bearbeitet oder \u00fcbertragen werden. Der Kunde ist auch nicht befugt, Dritten Verwertungsrechte an den virtuellen Inhalten oder ihren Teilen einzur\u00e4umen. Vorbehalten bleibt eine vorg\u00e4ngige, schriftliche Einwilligung von K2. Injedem \u00a0 Falle \u00a0 d\u00fcrfen \u00a0 Urheberrechtsvermerke \u00a0 der \u00a0 K2 \u00a0 nicht \u00a0 ver\u00e4ndert \u00a0 oder \u00a0 entfernt werden.<br \/><br \/>6.3. Auf Veranstaltungen der K2 werden Videoaufnahmen und Bilder angefertigt, die zu Marketingzwecken verwendet werden. Kunden werden \u00fcber Aufzeichnungen durch Beschilderungen \/ Hinweise informiert.<br \/><br \/>6.4. Aufzeichnungen von Vortr\u00e4gen oder ganzen Veranstaltungen k\u00f6nnen entgeltlich oder unentgeltlich durch K2 zur Verf\u00fcgung gestellt werden. Es besteht grunds\u00e4tzlich kein Anspruch f\u00fcr den Kunden, die Aufnahmen einzusehen.<br \/><br \/><strong>7. DATEN- UND DATENSCHUTZ<\/strong><br \/><br \/>7.1. Der Kunde ist verpflichtet, alle f\u00fcr ein Abonnement \/ Ticketkauf notwendigen Angaben wahrheitsgem\u00e4ss und vollst\u00e4ndig \u00a0zu erbringen. \u00a0\u00c4nderungen \u00a0m\u00fcssen K2 unverz\u00fcglich in Textform (Brief, Fax oder E-Mail) mitgeteilt werden, da andernfalls die \u00dcbermittlung des B\u00f6rsenbriefes oder der Ablauf \u00a0einer \u00a0Veranstaltung \/ Beratung \u00a0\/Webinar etc. nicht sichergestellt werden kann.<br \/><br \/>7.2. Der Kunde ist verpflichtet, alle erhaltenen Passw\u00f6rter und Daten streng geheim zuhalten \u00a0 sowie \u00a0 vor \u00a0 Missbrauch, \u00a0 Verlust \u00a0 und \u00a0 vor \u00a0 Zugriff \u00a0 durch \u00a0 unbefugte \u00a0 Dritte \u00a0 zusch\u00fctzen. Der Kunde ist verantwortlich f\u00fcr ein ausreichend sicheres Passwort. Verletzt der Kunde diese Pflichten, haftet ausschliesslich er daf\u00fcr. K2 ist diesbez\u00fcglich von jeglicher Haftung befreit.<br \/><br \/>7.3. Sofern nichts anderes vereinbart wird, ist der Kunde verpflichtet, die erhaltenen Daten selber zu sichern. Bei einem Datenverlust kann K2 dem Kunden die verlorenen Daten wieder zur Verf\u00fcgung stellen, ist dazu aber nicht verpflichtet.<br \/><br \/>7.4. \u00a0 Hinsichtlich \u00a0 des \u00a0 Datenschutzes \u00a0 finden \u00a0 die \u00a0 gesetzlichen \u00a0 Bestimmungen,insbesondere das schweizerische Datenschutzgesetz, Anwendung. Im \u00dcbrigen gilt die Datenschutzerkl\u00e4rung von K2.<br \/><br \/><strong>8. GERICHTSSTAND UND ANWENDBARES RECHT<\/strong><br \/><br \/>8.1. Ausschliesslicher Gerichtsstand \u2013 soweit gesetzlich zul\u00e4ssig \u2013 ist der jeweilige statutarische Sitz von K2.<br \/><br \/>8.2. Es gilt ausschliesslich schweizerisches Recht.<\/p>\t\t\t\t\t\t\t\t<\/div>\n\t\t\t\t<\/div>\n\t\t\t\t\t<\/div>\n\t\t\t\t<\/div>\n\t\t\t\t<\/div>\n\t\t","protected":false},"excerpt":{"rendered":"<p>Unsere allgemeinen Gesch\u00e4ftsbedingungen ALLGEMEINE GESCH\u00c4FTSBEDINGUNGEN DER K2 Success Media AG \u2013\u00a0 (K2 Success Media AG)\u200dStand 05.06.2020\u200dALLGEMEINE GESCH\u00c4FTSBEDINGUNGEN 1. GELTUNGSBEREICH 1.1. Diese Allgemeinen Gesch\u00e4ftsbedingungen (nachfolgend \u201eAGB\u201c) gelten zwischender K2 Success Media AG \u2013 \u00a0mit Sitz in Neuenhof, Schweiz (nachfolgend \u201eK2\u201c), und den Kunden von K2 \u2013 u.a. Abonnenten des B\u00f6rsenbriefes. Die AGB regeln die Rechte und [&hellip;]<\/p>\n","protected":false},"author":1,"featured_media":0,"parent":0,"menu_order":0,"comment_status":"closed","ping_status":"closed","template":"elementor_header_footer","meta":{"footnotes":""},"class_list":["post-350","page","type-page","status-publish","hentry"],"_links":{"self":[{"href":"https:\/\/homm-longshort.com\/index.php\/wp-json\/wp\/v2\/pages\/350","targetHints":{"allow":["GET"]}}],"collection":[{"href":"https:\/\/homm-longshort.com\/index.php\/wp-json\/wp\/v2\/pages"}],"about":[{"href":"https:\/\/homm-longshort.com\/index.php\/wp-json\/wp\/v2\/types\/page"}],"author":[{"embeddable":true,"href":"https:\/\/homm-longshort.com\/index.php\/wp-json\/wp\/v2\/users\/1"}],"replies":[{"embeddable":true,"href":"https:\/\/homm-longshort.com\/index.php\/wp-json\/wp\/v2\/comments?post=350"}],"version-history":[{"count":7,"href":"https:\/\/homm-longshort.com\/index.php\/wp-json\/wp\/v2\/pages\/350\/revisions"}],"predecessor-version":[{"id":358,"href":"https:\/\/homm-longshort.com\/index.php\/wp-json\/wp\/v2\/pages\/350\/revisions\/358"}],"wp:attachment":[{"href":"https:\/\/homm-longshort.com\/index.php\/wp-json\/wp\/v2\/media?parent=350"}],"curies":[{"name":"wp","href":"https:\/\/api.w.org\/{rel}","templated":true}]}}